{"id":445,"date":"2020-09-02T11:52:53","date_gmt":"2020-09-02T09:52:53","guid":{"rendered":"http:\/\/toutsavoirsurlepargnesalariale.fr\/pee\/?page_id=445"},"modified":"2020-09-02T11:52:54","modified_gmt":"2020-09-02T09:52:54","slug":"mentions-legales","status":"publish","type":"page","link":"https:\/\/toutsavoirsurlepargnesalariale.fr\/pee\/index.php\/mentions-legales\/","title":{"rendered":"Mentions l\u00e9gales"},"content":{"rendered":"<h3>Informations l&eacute;gales<\/h3>\n\n\n\n<p>DMV Conseil<br>SARL au capital de 13 000 euros<br>Immatricul&eacute;e au Registre du Commerce et des Soci&eacute;t&eacute;s de Paris sous le num&eacute;ro B 403 101 363<br>Si&egrave;ge social : 19 boulevard Malesherbes &ndash; 75008 Paris<\/p>\n\n\n\n<p>Conseil en gestion de patrimoine<br>Adh&eacute;rent de la Chambre Nationale des Conseils en Gestion de Patrimoine, association agr&eacute;&eacute;e par l&rsquo;Autorit&eacute; des March&eacute;s Financiers<br>Immatricul&eacute;e au registre unique des interm&eacute;diaires en assurance, banque et finance (ORIAS) sous le num&eacute;ro 07000707 (consultable sur le site www.orias.fr)<\/p>\n\n\n\n<h4>Conseiller en investissements financiers<\/h4>\n\n\n\n<p>Conseiller en investissements financiers adh&eacute;rent de la Chambre Nationale des Conseils en Gestion de Patrimoine, association agr&eacute;&eacute;e par l&rsquo;Autorit&eacute; des March&eacute;s Financiers.<br>Les conseils donn&eacute;s en mati&egrave;re de conseil en investissements financiers sont rendus de mani&egrave;re non-ind&eacute;pendante (le conseil repose sur une analyse restreinte des diff&eacute;rents types d&rsquo;instruments financiers et la r&eacute;mun&eacute;ration se fait par honoraires ou par commissions sur les instruments financiers).Les conseils donn&eacute;s en mati&egrave;re de conseil en investissements financiers sont rendus de mani&egrave;re non-ind&eacute;pendante (le conseil repose sur une analyse restreinte des diff&eacute;rents types d&rsquo;instruments financiers et la r&eacute;mun&eacute;ration se fait par honoraires ou par commissions sur les instruments financiers).<br>&Eacute;tablissements promoteurs de produits mentionn&eacute;s au 1&deg; de l&rsquo;article L.341-3 du code mon&eacute;taire et financier (notamment &eacute;tablissements de cr&eacute;dit, &eacute;tablissements de paiement, entreprises d&rsquo;assurance et soci&eacute;t&eacute;s de gestion d&rsquo;organismes de placement collectif) avec lesquels le cabinet entretient une relation significative de nature capitalistique ou commerciale : N&eacute;ant<\/p>\n\n\n\n<h4>Courtage en assurance dans la cat&eacute;gorie &laquo; b &raquo;<\/h4>\n\n\n\n<p>Courtier en assurance positionn&eacute; dans la cat&eacute;gorie &laquo; b &raquo; n&rsquo;&eacute;tant pas soumis &agrave; une obligation contractuelle de travailler exclusivement avec une ou plusieurs entreprises d&rsquo;assurance<br>Il peut vous &ecirc;tre communiqu&eacute;, sur simple demande, le nom des entreprises d&rsquo;assurance avec lesquelles travaille le cabinet.<br>Entreprises avec lesquelles il existe un lien financier (si le cabinet d&eacute;tient une participation directe ou indirecte &eacute;gale ou &gt; &agrave; 10 % des droits de vote ou du capital d&rsquo;une entreprise d&rsquo;assurance ou si une entreprise d&rsquo;assurance d&eacute;tient une participation &gt; &agrave; 10 % des droits de vote ou du capital du cabinet) : N&eacute;ant<\/p>\n\n\n\n<h4>Assurance Professionnelle<\/h4>\n\n\n\n<p>Assurance RCP et Garantie Financi&egrave;re : MMA IARD Assurances Mutuelles \/ MMA IARD, 14 boulevard Marie et Alexandre Oyon, 72030 Le Mans Cedex 009<\/p>\n\n\n\n<h4>Protection des donn&eacute;es personnelles<\/h4>\n\n\n\n<p>Dans le cadre de nos relations professionnelles, nous sommes amen&eacute;s &agrave; collecter, traiter et d&eacute;tenir des informations vous concernant.<br>Les donn&eacute;es personnelles que vous nous transmettez dans le cadre de notre activit&eacute; de Conseil en Gestion de Patrimoine et des services que nous vous proposons sont collect&eacute;es et trait&eacute;es par Jacques Vandeputte en qualit&eacute; de Responsable de traitement au sens des dispositions du R&egrave;glement G&eacute;n&eacute;ral sur la protection des donn&eacute;es personnelles (RGPD).<br>Ces donn&eacute;es personnelles sont collect&eacute;es, selon le cas, sur des bases l&eacute;gales diff&eacute;rentes (votre consentement, la n&eacute;cessit&eacute; contractuelle, le respect d&rsquo;une obligation l&eacute;gale et\/ou encore l&rsquo;int&eacute;r&ecirc;t l&eacute;gitime du Responsable du traitement.<br>Concernant vos proches, nous vous remercions de les tenir inform&eacute;s des modalit&eacute;s du pr&eacute;sent traitement de leurs donn&eacute;es personnelles.<br>Les donn&eacute;es collect&eacute;es vous concernant vous et vos proches seront conserv&eacute;es pendant toute la dur&eacute;e de nos relations contractuelles et ensuite en archive pendant un d&eacute;lai de cinq (5) ans, &agrave; d&eacute;faut des d&eacute;lais plus courts ou plus longs sp&eacute;cialement pr&eacute;vus en cas de litige.<br>Vous disposez sur ces donn&eacute;es d&rsquo;un droit d&rsquo;acc&egrave;s, de rectification, et limitation, ainsi que d&rsquo;un droit d&rsquo;opposition et de portabilit&eacute; conform&eacute;ment &agrave; la loi. Si vous souhaitez exercer ces droits, vous pouvez nous contacter &agrave; info@dmvconseil.com<br>Vous disposez &eacute;galement du droit d&rsquo;introduire une r&eacute;clamation aupr&egrave;s de la CNIL.<\/p>\n\n\n\n<h4>Traitement des r&eacute;clamations<\/h4>\n\n\n\n<p>En cas de litige ou de r&eacute;clamation du client, les parties contractantes s&rsquo;engagent &agrave; rechercher en premier lieu un arrangement amiable.<br>Le client pourra pr&eacute;senter sa r&eacute;clamation &agrave; l&rsquo;adresse du cabinet, &agrave; son conseiller ou gestionnaire habituel qui disposera de 10 jours pour en accuser r&eacute;ception, puis de 2 mois &agrave; compter de la r&eacute;ception de la r&eacute;clamation pour y r&eacute;pondre.<br>A d&eacute;faut d&rsquo;arrangement amiable, les parties pourront en second lieu informer le m&eacute;diateur de la consommation<br>Pour l&rsquo;activit&eacute; CIF (m&eacute;diateur public) l&rsquo;Autorit&eacute; des March&eacute;s Financiers, Madame Marielle COHEN-BRANCHE, 17 place de la Bourse 75082 Paris Cedex 02 (www.amf-france.org\/lemediateur)<br>Pour les autres activ&eacute;s (m&eacute;diateur recommand&eacute; par la CNCGP) : Centre de M&eacute;diation et d&rsquo;Arbitrage de Paris (CMAP) Service M&eacute;diation de la consommation, 39 avenue Franklin D. Roosevelt 75008 PARIS M&eacute;diateurs Christophe AYELA, Jean-Marc BLAMOUTIER, Catherine BOINEAU, Gilles CHARLOT, Michel GUIGAL (www.mediateur-cons.cmap.fr-consommation@cmap.fr)<br>En cas d&rsquo;&eacute;chec, le litige pourrait &ecirc;tre port&eacute; devant les tribunaux comp&eacute;tents.<\/p>\n\n\n\n<h4>Autorit&eacute;s de tutelle<\/h4>\n\n\n\n<p>Au titre de l&rsquo;activit&eacute; de conseil en investissement financier : L&rsquo;AMF &ndash; L&rsquo;Autorit&eacute; des March&eacute;s Financiers &ndash; 17 place de la Bourse 75082 Paris Cedex 02<br>Au titre de l&rsquo;activit&eacute; d&rsquo;interm&eacute;diaire en assurance et d&rsquo;interm&eacute;diaire en op&eacute;rations de banque et service de paiement : ACPR &ndash; Autorit&eacute; de contr&ocirc;le et de R&eacute;solution &ndash; 4 place de Budapest CS 92459 75436 Paris cedex 09<\/p>\n\n\n\n<h4>R&eacute;daction et h&eacute;bergement du site<\/h4>\n\n\n\n<p><strong>Directeur de la r&eacute;daction du site<\/strong>&nbsp;: Jacques Vandeputte, associ&eacute; de DMV Conseil<\/p>\n\n\n\n<p><strong>H&eacute;bergeur du site:<\/strong><br>OVH &nbsp;<br>SAS au capital de 10 069 020 &euro;<br>RCS Lille M&eacute;tropole 424 761 419 00045<br>Code APE 2620Z<br>N&deg; TVA : FR 22 424 761 419<br>Si&egrave;ge social : 2 rue Kellermann &ndash; 59100 Roubaix &ndash; France<\/p>","protected":false},"excerpt":{"rendered":"<p>Informations l\u00e9gales DMV ConseilSARL au capital de 13 000 eurosImmatricul\u00e9e au Registre du Commerce et des Soci\u00e9t\u00e9s de Paris sous le num\u00e9ro B 403 101 363Si\u00e8ge social : 19 boulevard Malesherbes \u2013 75008 Paris Conseil en gestion de patrimoineAdh\u00e9rent de la Chambre Nationale des Conseils en Gestion de Patrimoine, association agr\u00e9\u00e9e par l\u2019Autorit\u00e9 des March\u00e9s &hellip; <\/p>\n","protected":false},"author":1,"featured_media":0,"parent":0,"menu_order":0,"comment_status":"closed","ping_status":"closed","template":"","meta":[],"uagb_featured_image_src":{"full":false,"thumbnail":false,"medium":false,"medium_large":false,"large":false,"1536x1536":false,"2048x2048":false,"wptouch-new-thumbnail":false,"rara-business-featured":false,"rara-business-team":false,"rara-business-blog":false,"rara-business-portfolio":false,"rara-business-schema":false},"uagb_author_info":{"display_name":"eparsal","author_link":"https:\/\/toutsavoirsurlepargnesalariale.fr\/pee\/index.php\/author\/eparsal\/"},"uagb_comment_info":0,"uagb_excerpt":"Informations l\u00e9gales DMV ConseilSARL au capital de 13 000 eurosImmatricul\u00e9e au Registre du Commerce et des Soci\u00e9t\u00e9s de Paris sous le num\u00e9ro B 403 101 363Si\u00e8ge social : 19 boulevard Malesherbes \u2013 75008 Paris Conseil en gestion de patrimoineAdh\u00e9rent de la Chambre Nationale des Conseils en Gestion de Patrimoine, association agr\u00e9\u00e9e par l\u2019Autorit\u00e9 des March\u00e9s\u2026","yoast_head":"<!-- This site is optimized with the Yoast SEO plugin v14.9 - https:\/\/yoast.com\/wordpress\/plugins\/seo\/ -->\n<title>Mentions l\u00e9gales - Epargne salariale<\/title>\n<meta name=\"robots\" content=\"index, follow, max-snippet:-1, max-image-preview:large, max-video-preview:-1\" \/>\n<link rel=\"canonical\" href=\"https:\/\/toutsavoirsurlepargnesalariale.fr\/pee\/index.php\/mentions-legales\/\" \/>\n<meta property=\"og:locale\" content=\"fr_FR\" \/>\n<meta property=\"og:type\" content=\"article\" \/>\n<meta property=\"og:title\" content=\"Mentions l\u00e9gales - Epargne salariale\" \/>\n<meta property=\"og:description\" content=\"Informations l\u00e9gales DMV ConseilSARL au capital de 13 000 eurosImmatricul\u00e9e au Registre du Commerce et des Soci\u00e9t\u00e9s de Paris sous le num\u00e9ro B 403 101 363Si\u00e8ge social : 19 boulevard Malesherbes \u2013 75008 Paris Conseil en gestion de patrimoineAdh\u00e9rent de la Chambre Nationale des Conseils en Gestion de Patrimoine, association agr\u00e9\u00e9e par l\u2019Autorit\u00e9 des March\u00e9s &hellip;\" \/>\n<meta property=\"og:url\" content=\"https:\/\/toutsavoirsurlepargnesalariale.fr\/pee\/index.php\/mentions-legales\/\" \/>\n<meta property=\"og:site_name\" content=\"Epargne salariale\" \/>\n<meta property=\"article:modified_time\" content=\"2020-09-02T09:52:54+00:00\" \/>\n<meta name=\"twitter:card\" content=\"summary_large_image\" \/>\n<script type=\"application\/ld+json\" class=\"yoast-schema-graph\">{\"@context\":\"https:\/\/schema.org\",\"@graph\":[{\"@type\":\"Organization\",\"@id\":\"https:\/\/toutsavoirsurlepargnesalariale.fr\/pee\/#organization\",\"name\":\"Epargne salariale\",\"url\":\"https:\/\/toutsavoirsurlepargnesalariale.fr\/pee\/\",\"sameAs\":[],\"logo\":{\"@type\":\"ImageObject\",\"@id\":\"https:\/\/toutsavoirsurlepargnesalariale.fr\/pee\/#logo\",\"inLanguage\":\"fr-FR\",\"url\":\"https:\/\/toutsavoirsurlepargnesalariale.fr\/pee\/wp-content\/uploads\/2020\/09\/PER-8.png\",\"width\":1080,\"height\":1080,\"caption\":\"Epargne salariale\"},\"image\":{\"@id\":\"https:\/\/toutsavoirsurlepargnesalariale.fr\/pee\/#logo\"}},{\"@type\":\"WebSite\",\"@id\":\"https:\/\/toutsavoirsurlepargnesalariale.fr\/pee\/#website\",\"url\":\"https:\/\/toutsavoirsurlepargnesalariale.fr\/pee\/\",\"name\":\"Epargne salariale\",\"description\":\"\",\"publisher\":{\"@id\":\"https:\/\/toutsavoirsurlepargnesalariale.fr\/pee\/#organization\"},\"potentialAction\":[{\"@type\":\"SearchAction\",\"target\":\"https:\/\/toutsavoirsurlepargnesalariale.fr\/pee\/?s={search_term_string}\",\"query-input\":\"required name=search_term_string\"}],\"inLanguage\":\"fr-FR\"},{\"@type\":\"WebPage\",\"@id\":\"https:\/\/toutsavoirsurlepargnesalariale.fr\/pee\/index.php\/mentions-legales\/#webpage\",\"url\":\"https:\/\/toutsavoirsurlepargnesalariale.fr\/pee\/index.php\/mentions-legales\/\",\"name\":\"Mentions l\\u00e9gales - Epargne salariale\",\"isPartOf\":{\"@id\":\"https:\/\/toutsavoirsurlepargnesalariale.fr\/pee\/#website\"},\"datePublished\":\"2020-09-02T09:52:53+00:00\",\"dateModified\":\"2020-09-02T09:52:54+00:00\",\"inLanguage\":\"fr-FR\",\"potentialAction\":[{\"@type\":\"ReadAction\",\"target\":[\"https:\/\/toutsavoirsurlepargnesalariale.fr\/pee\/index.php\/mentions-legales\/\"]}]}]}<\/script>\n<!-- \/ Yoast SEO plugin. -->","_links":{"self":[{"href":"https:\/\/toutsavoirsurlepargnesalariale.fr\/pee\/index.php\/wp-json\/wp\/v2\/pages\/445"}],"collection":[{"href":"https:\/\/toutsavoirsurlepargnesalariale.fr\/pee\/index.php\/wp-json\/wp\/v2\/pages"}],"about":[{"href":"https:\/\/toutsavoirsurlepargnesalariale.fr\/pee\/index.php\/wp-json\/wp\/v2\/types\/page"}],"author":[{"embeddable":true,"href":"https:\/\/toutsavoirsurlepargnesalariale.fr\/pee\/index.php\/wp-json\/wp\/v2\/users\/1"}],"replies":[{"embeddable":true,"href":"https:\/\/toutsavoirsurlepargnesalariale.fr\/pee\/index.php\/wp-json\/wp\/v2\/comments?post=445"}],"version-history":[{"count":1,"href":"https:\/\/toutsavoirsurlepargnesalariale.fr\/pee\/index.php\/wp-json\/wp\/v2\/pages\/445\/revisions"}],"predecessor-version":[{"id":446,"href":"https:\/\/toutsavoirsurlepargnesalariale.fr\/pee\/index.php\/wp-json\/wp\/v2\/pages\/445\/revisions\/446"}],"wp:attachment":[{"href":"https:\/\/toutsavoirsurlepargnesalariale.fr\/pee\/index.php\/wp-json\/wp\/v2\/media?parent=445"}],"curies":[{"name":"wp","href":"https:\/\/api.w.org\/{rel}","templated":true}]}}